{"id":82,"date":"2022-04-29T02:57:41","date_gmt":"2022-04-29T02:57:41","guid":{"rendered":"https:\/\/shtheme.com\/demosd\/thecappawp\/?page_id=82"},"modified":"2024-07-10T03:31:38","modified_gmt":"2024-07-10T03:31:38","slug":"contact-us","status":"publish","type":"page","link":"http:\/\/www.thebesthotelsww.com\/fr\/contact-us\/","title":{"rendered":"Contact Us"},"content":{"rendered":"\t\t<div data-elementor-type=\"wp-page\" data-elementor-id=\"82\" class=\"elementor elementor-82\" data-elementor-post-type=\"page\">\n\t\t\t\t<div class=\"elementor-element elementor-element-089b1c9 e-con-full e-flex e-con e-parent\" data-id=\"089b1c9\" data-element_type=\"container\">\n\t\t\t\t<div class=\"elementor-element elementor-element-298641a elementor-widget elementor-widget-shortcode\" data-id=\"298641a\" data-element_type=\"widget\" data-widget_type=\"shortcode.default\">\n\t\t\t\t<div class=\"elementor-widget-container\">\n\t\t\t\t\t<div class=\"elementor-shortcode\">    <header class=\"slider new-room-slider\">\r\n        <div class=\"owl-carousel owl-theme\">\r\n                                <div class=\"text-center item bg-img\" data-overlay-dark=\"3\"\r\n                        data-background=\"http:\/\/www.thebesthotelsww.com\/wp-content\/uploads\/2024\/07\/amari_raaya_maldives_bh50_1-2.jpg\"><\/div>\r\n                                        <div class=\"text-center item bg-img\" data-overlay-dark=\"3\"\r\n                        data-background=\"http:\/\/www.thebesthotelsww.com\/wp-content\/uploads\/2024\/07\/amari_raaya_maldives_bh50_6.jpg\"><\/div>\r\n                                        <div class=\"text-center item bg-img\" data-overlay-dark=\"3\"\r\n                        data-background=\"http:\/\/www.thebesthotelsww.com\/wp-content\/uploads\/2024\/07\/amari_raaya_maldives_bh50_5.jpg\"><\/div>\r\n                                        <div class=\"text-center item bg-img\" data-overlay-dark=\"3\"\r\n                        data-background=\"http:\/\/www.thebesthotelsww.com\/wp-content\/uploads\/2024\/07\/amari_raaya_maldives_bh50_4.jpg\"><\/div>\r\n                                        <div class=\"text-center item bg-img\" data-overlay-dark=\"3\"\r\n                        data-background=\"http:\/\/www.thebesthotelsww.com\/wp-content\/uploads\/2024\/07\/amari_raaya_maldives_bh50_3-1.jpg\"><\/div>\r\n                                        <div class=\"text-center item bg-img\" data-overlay-dark=\"3\"\r\n                        data-background=\"http:\/\/www.thebesthotelsww.com\/wp-content\/uploads\/2024\/07\/amari_raaya_maldives_bh50_2.jpg\"><\/div>\r\n                            <\/div>\r\n    <\/header>\r\n    <\/div>\n\t\t\t\t<\/div>\n\t\t\t\t<\/div>\n\t\t\t\t<\/div>\n\t\t\t\t<section class=\"elementor-section elementor-top-section elementor-element elementor-element-fb25961 elementor-section-full_width elementor-section-height-default elementor-section-height-default\" data-id=\"fb25961\" data-element_type=\"section\">\n\t\t\t\t\t\t<div class=\"elementor-container elementor-column-gap-no\">\n\t\t\t\t\t<div class=\"elementor-column elementor-col-100 elementor-top-column elementor-element elementor-element-9394148\" data-id=\"9394148\" data-element_type=\"column\">\n\t\t\t<div class=\"elementor-widget-wrap elementor-element-populated\">\n\t\t\t\t\t\t<div class=\"elementor-element elementor-element-712735d elementor-align-left from-con elementor-widget elementor-widget-pages-contact\" data-id=\"712735d\" data-element_type=\"widget\" data-widget_type=\"pages-contact.default\">\n\t\t\t\t<div class=\"elementor-widget-container\">\n\t\t\t\r\n\t\t<section class=\"contact section-padding\">\r\n\t\t\t<div class=\"container\">\r\n\t\t\t\t<div class=\"row mb-90\">\r\n\t\t\t\t\t<div class=\"col-md-6 mb-60\">\r\n\t\t\t\t\t\t\t\t\t\t\t\t<h3>The best hotels worldwide<\/h3>\r\n\t\t\t\t\t\t\t\t\t\t\t\t\t\t\t\t\t\t<p>Contactez-nous pour b\u00e9n\u00e9ficier d\u2019un r\u00e9f\u00e9rencement de qualit\u00e9.<\/p>\r\n\t\t\t\t\t\t\t\t\t\t\t\t\t\t\t\t\t\t<div class=\"reservations mb-30\">\r\n\t\t\t\t\t\t\t\t\t\t\t\t\t\t<div class=\"icon\"><span class=\"flaticon-call\"><\/span><\/div>\r\n\t\t\t\t\t\t\t\t\t\t\t\t\t\t\t\t\t\t\t\t\t<div class=\"text\">\r\n\t\t\t\t\t\t\t\t<p>T\u00e9l\u00e9phone<\/p> <a href=\"tel:01 84 80 00 07\">01.84.80.00.07\n\n<\/a>\t\t\t\t\t\t\t<\/div>\r\n\t\t\t\t\t\t\t\t\t\t\t\t\t<\/div>\r\n\t\t\t\t\t\t\t\t\t\t\t\t<div class=\"reservations mb-30\">\r\n\t\t\t\t\t\t\t\t\t\t\t\t\t\t<div class=\"icon\"><span class=\"flaticon-envelope\"><\/span><\/div>\r\n\t\t\t\t\t\t\t\t\t\t\t\t\t\t\t\t\t\t\t\t\t<div class=\"text\">\r\n\t\t\t\t\t\t\t\t<p>Email<\/p> <a href=\"mailto:info@tbh.eu.com\">info@tbh.eu.com<\/a>\t\t\t\t\t\t\t<\/div>\r\n\t\t\t\t\t\t\t\t\t\t\t\t\t<\/div>\r\n\t\t\t\t\t\t\t\t\t\t\t\t<div class=\"reservations mb-30\">\r\n\t\t\t\t\t\t\t\t\t\t\t\t\t\t<div class=\"icon\"><span class=\"flaticon-location-pin\"><\/span><\/div>\r\n\t\t\t\t\t\t\t\t\t\t\t\t\t\t\t\t\t\t\t\t\t<div class=\"text\">\r\n\t\t\t\t\t\t\t\t<p>Adresse<\/p>\n35 avenue Raymond Aron,<br>\n91300 Massy<br>\nFrance\t\t\t\t\t\t\t<\/div>\r\n\t\t\t\t\t\t\t\t\t\t\t\t\t<\/div>\r\n\t\t\t\t\t\t\t\t\t\t\t<\/div>\r\n\t\t\t\t\t<div class=\"col-md-5 mb-30 offset-md-1\">\r\n\t\t\t\t\t\t\t\t\t\t\t\t<h3>Formulaire de contact<\/h3>\r\n\t\t\t\t\t\t\t\t\t\t\t\t\t\t\t\t\t\t\n<div class=\"wpcf7 no-js\" id=\"wpcf7-f130-o1\" lang=\"en-US\" dir=\"ltr\" data-wpcf7-id=\"130\">\n<div class=\"screen-reader-response\"><p role=\"status\" aria-live=\"polite\" aria-atomic=\"true\"><\/p> <ul><\/ul><\/div>\n<form action=\"\/fr\/wp-json\/wp\/v2\/pages\/82#wpcf7-f130-o1\" method=\"post\" class=\"wpcf7-form init\" aria-label=\"Contact form\" novalidate=\"novalidate\" data-status=\"init\">\n<div style=\"display: none;\">\n<input type=\"hidden\" name=\"_wpcf7\" value=\"130\" \/>\n<input type=\"hidden\" name=\"_wpcf7_version\" value=\"6.0.3\" \/>\n<input type=\"hidden\" name=\"_wpcf7_locale\" value=\"en_US\" \/>\n<input type=\"hidden\" name=\"_wpcf7_unit_tag\" value=\"wpcf7-f130-o1\" \/>\n<input type=\"hidden\" name=\"_wpcf7_container_post\" value=\"0\" \/>\n<input type=\"hidden\" name=\"_wpcf7_posted_data_hash\" value=\"\" \/>\n<input type=\"hidden\" name=\"_wpcf7dtx_version\" value=\"5.0.2\" \/>\n<\/div>\n<div class=\"contact__form\">\n <!-- form message -->\n\t<div class=\"row\">\n\t\t<div class=\"col-12\">\n\t\t\t<div class=\"alert alert-success contact__msg\" style=\"display: none\" role=\"alert\">\n\t\t\t\t<p>Votre message a bien \u00e9t\u00e9 envoy\u00e9.\n\t\t\t\t<\/p>\n\t\t\t<\/div>\n\t\t<\/div>\n\t<\/div>\n <!-- form elements -->\n\t<div class=\"row\">\n\t\t<div class=\"col-md-6 form-group\">\n\t\t\t<p><span class=\"wpcf7-form-control-wrap\" data-name=\"your-name\"><input size=\"40\" maxlength=\"400\" class=\"wpcf7-form-control wpcf7-text wpcf7-validates-as-required\" aria-required=\"true\" aria-invalid=\"false\" placeholder=\"Nom *\" value=\"\" type=\"text\" name=\"your-name\" \/><\/span>\n\t\t\t<\/p>\n\t\t<\/div>\n\t\t<div class=\"col-md-6 form-group\">\n\t\t\t<p><span class=\"wpcf7-form-control-wrap\" data-name=\"your-email\"><input size=\"40\" maxlength=\"400\" class=\"wpcf7-form-control wpcf7-email wpcf7-validates-as-required wpcf7-text wpcf7-validates-as-email\" aria-required=\"true\" aria-invalid=\"false\" placeholder=\"Email *\" value=\"\" type=\"email\" name=\"your-email\" \/><\/span>\n\t\t\t<\/p>\n\t\t<\/div>\n\t\t<div class=\"col-md-6 form-group\">\n\t\t\t<p><span class=\"wpcf7-form-control-wrap\" data-name=\"your-phone\"><input size=\"40\" maxlength=\"400\" class=\"wpcf7-form-control wpcf7-text wpcf7-validates-as-required\" aria-required=\"true\" aria-invalid=\"false\" placeholder=\"T\u00e9l\u00e9phone *\" value=\"\" type=\"text\" name=\"your-phone\" \/><\/span>\n\t\t\t<\/p>\n\t\t<\/div>\n\t\t<div class=\"col-md-6 form-group\">\n\t\t\t<p><span class=\"wpcf7-form-control-wrap\" data-name=\"your-subject\"><input size=\"40\" maxlength=\"400\" class=\"wpcf7-form-control wpcf7-text\" aria-invalid=\"false\" placeholder=\"Soci\u00e9t\u00e9\" value=\"\" type=\"text\" name=\"your-subject\" \/><\/span>\n\t\t\t<\/p>\n\t\t<\/div>\n\t\t<div class=\"col-md-12 form-group\">\n\t\t\t<p><span class=\"wpcf7-form-control-wrap\" data-name=\"your-message\"><textarea cols=\"40\" rows=\"10\" maxlength=\"2000\" class=\"wpcf7-form-control wpcf7-textarea wpcf7-validates-as-required\" aria-required=\"true\" aria-invalid=\"false\" placeholder=\"Message *\" name=\"your-message\"><\/textarea><\/span>\n\t\t\t<\/p>\n\t\t<\/div>\n\t\t<div class=\"col-md-12\">\n\t\t\t<p><input class=\"wpcf7-form-control wpcf7-submit has-spinner butn-dark\" type=\"submit\" value=\"Envoyer\" \/>\n\t\t\t<\/p>\n\t\t<\/div>\n\t<\/div>\n<\/div><div class=\"wpcf7-response-output\" aria-hidden=\"true\"><\/div>\n<\/form>\n<\/div>\n\t\t\t\t\t\t\t\t\t\t\t<\/div>\r\n\t\t\t\t<\/div>\r\n\t\t\t\t<!-- Map Section -->\r\n\t\t\t\t\t\t\t<\/div>\r\n\t\t<\/section>\r\n\t\t\r\n\r\n\t\t\t<\/div>\n\t\t\t\t<\/div>\n\t\t\t\t\t<\/div>\n\t\t<\/div>\n\t\t\t\t\t<\/div>\n\t\t<\/section>\n\t\t\t\t<section class=\"elementor-section elementor-top-section elementor-element elementor-element-716044c elementor-section-boxed elementor-section-height-default elementor-section-height-default\" data-id=\"716044c\" data-element_type=\"section\">\n\t\t\t\t\t\t<div class=\"elementor-container elementor-column-gap-default\">\n\t\t\t\t\t<div class=\"elementor-column elementor-col-100 elementor-top-column elementor-element elementor-element-37d8ade\" data-id=\"37d8ade\" data-element_type=\"column\">\n\t\t\t<div class=\"elementor-widget-wrap elementor-element-populated\">\n\t\t\t\t\t\t<div class=\"elementor-element elementor-element-0e4f6fa elementor-arrows-position-outside elementor-pagination-position-outside elementor-widget elementor-widget-image-carousel\" data-id=\"0e4f6fa\" data-element_type=\"widget\" data-settings=\"{&quot;slides_to_show&quot;:&quot;3&quot;,&quot;slides_to_scroll&quot;:&quot;1&quot;,&quot;image_spacing_custom&quot;:{&quot;unit&quot;:&quot;px&quot;,&quot;size&quot;:40,&quot;sizes&quot;:[]},&quot;navigation&quot;:&quot;both&quot;,&quot;autoplay&quot;:&quot;yes&quot;,&quot;autoplay_speed&quot;:5000,&quot;infinite&quot;:&quot;yes&quot;,&quot;speed&quot;:500,&quot;image_spacing_custom_tablet&quot;:{&quot;unit&quot;:&quot;px&quot;,&quot;size&quot;:&quot;&quot;,&quot;sizes&quot;:[]},&quot;image_spacing_custom_mobile&quot;:{&quot;unit&quot;:&quot;px&quot;,&quot;size&quot;:&quot;&quot;,&quot;sizes&quot;:[]}}\" data-widget_type=\"image-carousel.default\">\n\t\t\t\t<div class=\"elementor-widget-container\">\n\t\t\t\t\t<div class=\"elementor-image-carousel-wrapper swiper\" dir=\"ltr\">\n\t\t\t<div class=\"elementor-image-carousel swiper-wrapper\" aria-live=\"off\">\n\t\t\t\t\t\t\t\t<div class=\"swiper-slide\" role=\"group\" aria-roledescription=\"slide\" aria-label=\"1 sur 6\"><figure class=\"swiper-slide-inner\"><img decoding=\"async\" class=\"swiper-slide-image\" src=\"http:\/\/www.thebesthotelsww.com\/wp-content\/uploads\/2024\/07\/img-2.jpg\" alt=\"img 2\" \/><\/figure><\/div><div class=\"swiper-slide\" role=\"group\" aria-roledescription=\"slide\" aria-label=\"2 sur 6\"><figure class=\"swiper-slide-inner\"><img decoding=\"async\" class=\"swiper-slide-image\" src=\"http:\/\/www.thebesthotelsww.com\/wp-content\/uploads\/2024\/07\/img_3-removebg-preview.png\" alt=\"img_3-removebg-preview\" \/><\/figure><\/div><div class=\"swiper-slide\" role=\"group\" aria-roledescription=\"slide\" aria-label=\"3 sur 6\"><figure class=\"swiper-slide-inner\"><img decoding=\"async\" class=\"swiper-slide-image\" src=\"http:\/\/www.thebesthotelsww.com\/wp-content\/uploads\/2024\/07\/img-4.png\" alt=\"img 4\" \/><\/figure><\/div><div class=\"swiper-slide\" role=\"group\" aria-roledescription=\"slide\" aria-label=\"4 sur 6\"><figure class=\"swiper-slide-inner\"><img decoding=\"async\" class=\"swiper-slide-image\" src=\"http:\/\/www.thebesthotelsww.com\/wp-content\/uploads\/2024\/07\/img_5-removebg-preview.png\" alt=\"img_5-removebg-preview\" \/><\/figure><\/div><div class=\"swiper-slide\" role=\"group\" aria-roledescription=\"slide\" aria-label=\"5 sur 6\"><figure class=\"swiper-slide-inner\"><img decoding=\"async\" class=\"swiper-slide-image\" src=\"http:\/\/www.thebesthotelsww.com\/wp-content\/uploads\/2024\/07\/img_6-removebg-preview.png\" alt=\"img_6-removebg-preview\" \/><\/figure><\/div><div class=\"swiper-slide\" role=\"group\" aria-roledescription=\"slide\" aria-label=\"6 sur 6\"><figure class=\"swiper-slide-inner\"><img decoding=\"async\" class=\"swiper-slide-image\" src=\"http:\/\/www.thebesthotelsww.com\/wp-content\/uploads\/2024\/07\/img-1.webp\" alt=\"img 1\" \/><\/figure><\/div>\t\t\t<\/div>\n\t\t\t\t\t\t\t\t\t\t\t\t<div class=\"elementor-swiper-button elementor-swiper-button-prev\" role=\"button\" tabindex=\"0\">\n\t\t\t\t\t\t<i aria-hidden=\"true\" class=\"eicon-chevron-left\"><\/i>\t\t\t\t\t<\/div>\n\t\t\t\t\t<div class=\"elementor-swiper-button elementor-swiper-button-next\" role=\"button\" tabindex=\"0\">\n\t\t\t\t\t\t<i aria-hidden=\"true\" class=\"eicon-chevron-right\"><\/i>\t\t\t\t\t<\/div>\n\t\t\t\t\n\t\t\t\t\t\t\t\t\t<div class=\"swiper-pagination\"><\/div>\n\t\t\t\t\t\t\t\t\t<\/div>\n\t\t\t\t<\/div>\n\t\t\t\t<\/div>\n\t\t\t\t\t<\/div>\n\t\t<\/div>\n\t\t\t\t\t<\/div>\n\t\t<\/section>\n\t\t\t\t<section class=\"elementor-section elementor-top-section elementor-element elementor-element-550c306 elementor-section-full_width elementor-hidden-desktop elementor-hidden-tablet elementor-hidden-mobile elementor-section-height-default elementor-section-height-default\" data-id=\"550c306\" data-element_type=\"section\">\n\t\t\t\t\t\t<div class=\"elementor-container elementor-column-gap-no\">\n\t\t\t\t\t<div class=\"elementor-column elementor-col-100 elementor-top-column elementor-element elementor-element-77d1bef\" data-id=\"77d1bef\" data-element_type=\"column\">\n\t\t\t<div class=\"elementor-widget-wrap elementor-element-populated\">\n\t\t\t\t\t\t<div class=\"elementor-element elementor-element-bee56e8 elementor-align-left elementor-widget elementor-widget-pages-banner\" data-id=\"bee56e8\" data-element_type=\"widget\" data-widget_type=\"pages-banner.default\">\n\t\t\t\t<div class=\"elementor-widget-container\">\n\t\t\t\r\n\t\t\t\t<div class=\"banner-header section-padding valign bg-img bg-fixed\" data-overlay-dark=\"4\" data-background=\"https:\/\/shtheme.com\/demosd\/thecappawp\/wp-content\/uploads\/2022\/06\/5-1.jpg\">\r\n\t\t\t\t\t<div class=\"container\">\r\n\t\t\t\t<div class=\"row\">\r\n\t\t\t\t\t<div class=\"col-md-12 caption mt-90\">\r\n\t\t\t\t\t\t\t\t\t\t\t\t<h5>Prenez contact avec nous<\/h5>\r\n\t\t\t\t\t\t\t\t\t\t\t\t\t\t\t\t\t\t<h1>Contactez nous<\/h1>\r\n\t\t\t\t\t\t\t\t\t\t\t<\/div>\r\n\t\t\t\t<\/div>\r\n\t\t\t<\/div>\r\n\t\t<\/div>\r\n\r\n\t\t\t<\/div>\n\t\t\t\t<\/div>\n\t\t\t\t\t<\/div>\n\t\t<\/div>\n\t\t\t\t\t<\/div>\n\t\t<\/section>\n\t\t\t\t<\/div>\n\t\t","protected":false},"excerpt":{"rendered":"<p>The best hotels worldwide Contactez-nous pour b\u00e9n\u00e9ficier d\u2019un r\u00e9f\u00e9rencement de qualit\u00e9. T\u00e9l\u00e9phone 01.84.80.00.07 Email info@tbh.eu.com Adresse 35 avenue Raymond Aron, 91300 Massy France Formulaire de contact Votre message a bien \u00e9t\u00e9 envoy\u00e9. Message * Prenez contact avec nous Contactez nous<\/p>\n","protected":false},"author":3,"featured_media":0,"parent":0,"menu_order":0,"comment_status":"closed","ping_status":"closed","template":"page-templates\/home.php","meta":{"_acf_changed":false,"footnotes":""},"class_list":["post-82","page","type-page","status-publish","hentry"],"acf":[],"yoast_head":"<!-- This site is optimized with the Yoast SEO plugin v24.2 - https:\/\/yoast.com\/wordpress\/plugins\/seo\/ -->\n<title>Contact Us - Thebesthotelsww<\/title>\n<meta name=\"description\" content=\"D\u00e9couvrez notre s\u00e9lection d&#039;h\u00f4tels de qualit\u00e9, des h\u00f4tels de luxe aux boutiques-h\u00f4tels uniques, offrant confort, service impeccable et localisation id\u00e9ale. Trouvez et r\u00e9servez l\u2019h\u00e9bergement parfait pour vos voyages d\u2019affaires, escapades romantiques ou vacances en famille.\" \/>\n<meta name=\"robots\" content=\"index, follow, max-snippet:-1, max-image-preview:large, max-video-preview:-1\" \/>\n<link rel=\"canonical\" href=\"http:\/\/www.thebesthotelsww.com\/fr\/contact-us\/\" \/>\n<meta property=\"og:locale\" content=\"fr_FR\" \/>\n<meta property=\"og:type\" content=\"article\" \/>\n<meta property=\"og:title\" content=\"Contact Us - Thebesthotelsww\" \/>\n<meta property=\"og:description\" content=\"D\u00e9couvrez notre s\u00e9lection d&#039;h\u00f4tels de qualit\u00e9, des h\u00f4tels de luxe aux boutiques-h\u00f4tels uniques, offrant confort, service impeccable et localisation id\u00e9ale. Trouvez et r\u00e9servez l\u2019h\u00e9bergement parfait pour vos voyages d\u2019affaires, escapades romantiques ou vacances en famille.\" \/>\n<meta property=\"og:url\" content=\"http:\/\/www.thebesthotelsww.com\/fr\/contact-us\/\" \/>\n<meta property=\"og:site_name\" content=\"Thebesthotelsww\" \/>\n<meta property=\"article:publisher\" content=\"https:\/\/www.facebook.com\/people\/Best-Hotels-Worldwide\/61560334858085\/\" \/>\n<meta property=\"article:modified_time\" content=\"2024-07-10T03:31:38+00:00\" \/>\n<meta property=\"og:image\" content=\"https:\/\/www.thebesthotelsww.com\/wp-content\/uploads\/2024\/07\/img-2.jpg\" \/>\n<meta name=\"twitter:card\" content=\"summary_large_image\" \/>\n<script type=\"application\/ld+json\" class=\"yoast-schema-graph\">{\"@context\":\"https:\/\/schema.org\",\"@graph\":[{\"@type\":\"WebPage\",\"@id\":\"http:\/\/www.thebesthotelsww.com\/fr\/contact-us\/\",\"url\":\"http:\/\/www.thebesthotelsww.com\/fr\/contact-us\/\",\"name\":\"Contact Us - Thebesthotelsww\",\"isPartOf\":{\"@id\":\"https:\/\/www.thebesthotelsww.com\/fr\/#website\"},\"primaryImageOfPage\":{\"@id\":\"http:\/\/www.thebesthotelsww.com\/fr\/contact-us\/#primaryimage\"},\"image\":{\"@id\":\"http:\/\/www.thebesthotelsww.com\/fr\/contact-us\/#primaryimage\"},\"thumbnailUrl\":\"https:\/\/www.thebesthotelsww.com\/wp-content\/uploads\/2024\/07\/img-2.jpg\",\"datePublished\":\"2022-04-29T02:57:41+00:00\",\"dateModified\":\"2024-07-10T03:31:38+00:00\",\"description\":\"D\u00e9couvrez notre s\u00e9lection d'h\u00f4tels de qualit\u00e9, des h\u00f4tels de luxe aux boutiques-h\u00f4tels uniques, offrant confort, service impeccable et localisation id\u00e9ale. Trouvez et r\u00e9servez l\u2019h\u00e9bergement parfait pour vos voyages d\u2019affaires, escapades romantiques ou vacances en famille.\",\"breadcrumb\":{\"@id\":\"http:\/\/www.thebesthotelsww.com\/fr\/contact-us\/#breadcrumb\"},\"inLanguage\":\"fr-FR\",\"potentialAction\":[{\"@type\":\"ReadAction\",\"target\":[\"http:\/\/www.thebesthotelsww.com\/fr\/contact-us\/\"]}]},{\"@type\":\"ImageObject\",\"inLanguage\":\"fr-FR\",\"@id\":\"http:\/\/www.thebesthotelsww.com\/fr\/contact-us\/#primaryimage\",\"url\":\"https:\/\/www.thebesthotelsww.com\/wp-content\/uploads\/2024\/07\/img-2.jpg\",\"contentUrl\":\"https:\/\/www.thebesthotelsww.com\/wp-content\/uploads\/2024\/07\/img-2.jpg\"},{\"@type\":\"BreadcrumbList\",\"@id\":\"http:\/\/www.thebesthotelsww.com\/fr\/contact-us\/#breadcrumb\",\"itemListElement\":[{\"@type\":\"ListItem\",\"position\":1,\"name\":\"Home\",\"item\":\"https:\/\/www.thebesthotelsww.com\/en\/\"},{\"@type\":\"ListItem\",\"position\":2,\"name\":\"Contact Us\"}]},{\"@type\":\"WebSite\",\"@id\":\"https:\/\/www.thebesthotelsww.com\/fr\/#website\",\"url\":\"https:\/\/www.thebesthotelsww.com\/fr\/\",\"name\":\"Thebesthotelsww\",\"description\":\"The best hotels worldwide\",\"publisher\":{\"@id\":\"https:\/\/www.thebesthotelsww.com\/fr\/#organization\"},\"alternateName\":\"The best hotels worldwide\",\"potentialAction\":[{\"@type\":\"SearchAction\",\"target\":{\"@type\":\"EntryPoint\",\"urlTemplate\":\"https:\/\/www.thebesthotelsww.com\/fr\/?s={search_term_string}\"},\"query-input\":{\"@type\":\"PropertyValueSpecification\",\"valueRequired\":true,\"valueName\":\"search_term_string\"}}],\"inLanguage\":\"fr-FR\"},{\"@type\":\"Organization\",\"@id\":\"https:\/\/www.thebesthotelsww.com\/fr\/#organization\",\"name\":\"Thebesthotelsww\",\"url\":\"https:\/\/www.thebesthotelsww.com\/fr\/\",\"logo\":{\"@type\":\"ImageObject\",\"inLanguage\":\"fr-FR\",\"@id\":\"https:\/\/www.thebesthotelsww.com\/fr\/#\/schema\/logo\/image\/\",\"url\":\"https:\/\/www.thebesthotelsww.com\/wp-content\/uploads\/2025\/01\/TBHWW-blanc-et-or.png\",\"contentUrl\":\"https:\/\/www.thebesthotelsww.com\/wp-content\/uploads\/2025\/01\/TBHWW-blanc-et-or.png\",\"width\":1379,\"height\":738,\"caption\":\"Thebesthotelsww\"},\"image\":{\"@id\":\"https:\/\/www.thebesthotelsww.com\/fr\/#\/schema\/logo\/image\/\"},\"sameAs\":[\"https:\/\/www.facebook.com\/people\/Best-Hotels-Worldwide\/61560334858085\/\",\"https:\/\/www.instagram.com\/the.best.hotels.worldwide\/\",\"https:\/\/www.youtube.com\/@thebesthotelsworldwide-en6pm\"]}]}<\/script>\n<!-- \/ Yoast SEO plugin. -->","yoast_head_json":{"title":"Contact Us - Thebesthotelsww","description":"D\u00e9couvrez notre s\u00e9lection d'h\u00f4tels de qualit\u00e9, des h\u00f4tels de luxe aux boutiques-h\u00f4tels uniques, offrant confort, service impeccable et localisation id\u00e9ale. Trouvez et r\u00e9servez l\u2019h\u00e9bergement parfait pour vos voyages d\u2019affaires, escapades romantiques ou vacances en famille.","robots":{"index":"index","follow":"follow","max-snippet":"max-snippet:-1","max-image-preview":"max-image-preview:large","max-video-preview":"max-video-preview:-1"},"canonical":"http:\/\/www.thebesthotelsww.com\/fr\/contact-us\/","og_locale":"fr_FR","og_type":"article","og_title":"Contact Us - Thebesthotelsww","og_description":"D\u00e9couvrez notre s\u00e9lection d'h\u00f4tels de qualit\u00e9, des h\u00f4tels de luxe aux boutiques-h\u00f4tels uniques, offrant confort, service impeccable et localisation id\u00e9ale. Trouvez et r\u00e9servez l\u2019h\u00e9bergement parfait pour vos voyages d\u2019affaires, escapades romantiques ou vacances en famille.","og_url":"http:\/\/www.thebesthotelsww.com\/fr\/contact-us\/","og_site_name":"Thebesthotelsww","article_publisher":"https:\/\/www.facebook.com\/people\/Best-Hotels-Worldwide\/61560334858085\/","article_modified_time":"2024-07-10T03:31:38+00:00","og_image":[{"url":"https:\/\/www.thebesthotelsww.com\/wp-content\/uploads\/2024\/07\/img-2.jpg","type":"","width":"","height":""}],"twitter_card":"summary_large_image","schema":{"@context":"https:\/\/schema.org","@graph":[{"@type":"WebPage","@id":"http:\/\/www.thebesthotelsww.com\/fr\/contact-us\/","url":"http:\/\/www.thebesthotelsww.com\/fr\/contact-us\/","name":"Contact Us - Thebesthotelsww","isPartOf":{"@id":"https:\/\/www.thebesthotelsww.com\/fr\/#website"},"primaryImageOfPage":{"@id":"http:\/\/www.thebesthotelsww.com\/fr\/contact-us\/#primaryimage"},"image":{"@id":"http:\/\/www.thebesthotelsww.com\/fr\/contact-us\/#primaryimage"},"thumbnailUrl":"https:\/\/www.thebesthotelsww.com\/wp-content\/uploads\/2024\/07\/img-2.jpg","datePublished":"2022-04-29T02:57:41+00:00","dateModified":"2024-07-10T03:31:38+00:00","description":"D\u00e9couvrez notre s\u00e9lection d'h\u00f4tels de qualit\u00e9, des h\u00f4tels de luxe aux boutiques-h\u00f4tels uniques, offrant confort, service impeccable et localisation id\u00e9ale. Trouvez et r\u00e9servez l\u2019h\u00e9bergement parfait pour vos voyages d\u2019affaires, escapades romantiques ou vacances en famille.","breadcrumb":{"@id":"http:\/\/www.thebesthotelsww.com\/fr\/contact-us\/#breadcrumb"},"inLanguage":"fr-FR","potentialAction":[{"@type":"ReadAction","target":["http:\/\/www.thebesthotelsww.com\/fr\/contact-us\/"]}]},{"@type":"ImageObject","inLanguage":"fr-FR","@id":"http:\/\/www.thebesthotelsww.com\/fr\/contact-us\/#primaryimage","url":"https:\/\/www.thebesthotelsww.com\/wp-content\/uploads\/2024\/07\/img-2.jpg","contentUrl":"https:\/\/www.thebesthotelsww.com\/wp-content\/uploads\/2024\/07\/img-2.jpg"},{"@type":"BreadcrumbList","@id":"http:\/\/www.thebesthotelsww.com\/fr\/contact-us\/#breadcrumb","itemListElement":[{"@type":"ListItem","position":1,"name":"Home","item":"https:\/\/www.thebesthotelsww.com\/en\/"},{"@type":"ListItem","position":2,"name":"Contact Us"}]},{"@type":"WebSite","@id":"https:\/\/www.thebesthotelsww.com\/fr\/#website","url":"https:\/\/www.thebesthotelsww.com\/fr\/","name":"Thebesthotelsww","description":"The best hotels worldwide","publisher":{"@id":"https:\/\/www.thebesthotelsww.com\/fr\/#organization"},"alternateName":"The best hotels worldwide","potentialAction":[{"@type":"SearchAction","target":{"@type":"EntryPoint","urlTemplate":"https:\/\/www.thebesthotelsww.com\/fr\/?s={search_term_string}"},"query-input":{"@type":"PropertyValueSpecification","valueRequired":true,"valueName":"search_term_string"}}],"inLanguage":"fr-FR"},{"@type":"Organization","@id":"https:\/\/www.thebesthotelsww.com\/fr\/#organization","name":"Thebesthotelsww","url":"https:\/\/www.thebesthotelsww.com\/fr\/","logo":{"@type":"ImageObject","inLanguage":"fr-FR","@id":"https:\/\/www.thebesthotelsww.com\/fr\/#\/schema\/logo\/image\/","url":"https:\/\/www.thebesthotelsww.com\/wp-content\/uploads\/2025\/01\/TBHWW-blanc-et-or.png","contentUrl":"https:\/\/www.thebesthotelsww.com\/wp-content\/uploads\/2025\/01\/TBHWW-blanc-et-or.png","width":1379,"height":738,"caption":"Thebesthotelsww"},"image":{"@id":"https:\/\/www.thebesthotelsww.com\/fr\/#\/schema\/logo\/image\/"},"sameAs":["https:\/\/www.facebook.com\/people\/Best-Hotels-Worldwide\/61560334858085\/","https:\/\/www.instagram.com\/the.best.hotels.worldwide\/","https:\/\/www.youtube.com\/@thebesthotelsworldwide-en6pm"]}]}},"_links":{"self":[{"href":"http:\/\/www.thebesthotelsww.com\/fr\/wp-json\/wp\/v2\/pages\/82","targetHints":{"allow":["GET"]}}],"collection":[{"href":"http:\/\/www.thebesthotelsww.com\/fr\/wp-json\/wp\/v2\/pages"}],"about":[{"href":"http:\/\/www.thebesthotelsww.com\/fr\/wp-json\/wp\/v2\/types\/page"}],"author":[{"embeddable":true,"href":"http:\/\/www.thebesthotelsww.com\/fr\/wp-json\/wp\/v2\/users\/3"}],"replies":[{"embeddable":true,"href":"http:\/\/www.thebesthotelsww.com\/fr\/wp-json\/wp\/v2\/comments?post=82"}],"version-history":[{"count":75,"href":"http:\/\/www.thebesthotelsww.com\/fr\/wp-json\/wp\/v2\/pages\/82\/revisions"}],"predecessor-version":[{"id":5116,"href":"http:\/\/www.thebesthotelsww.com\/fr\/wp-json\/wp\/v2\/pages\/82\/revisions\/5116"}],"wp:attachment":[{"href":"http:\/\/www.thebesthotelsww.com\/fr\/wp-json\/wp\/v2\/media?parent=82"}],"curies":[{"name":"wp","href":"https:\/\/api.w.org\/{rel}","templated":true}]}}