{"id":2264,"date":"2023-03-22T09:58:49","date_gmt":"2023-03-22T09:58:49","guid":{"rendered":"https:\/\/shtheme.com\/demosd\/thecappawp\/?page_id=2264"},"modified":"2024-07-09T21:07:02","modified_gmt":"2024-07-09T21:07:02","slug":"mentions-legales-et-cgu","status":"publish","type":"page","link":"https:\/\/www.thebesthotelsww.com\/fr\/mentions-legales-et-cgu\/","title":{"rendered":"Mentions l\u00e9gales et CGU"},"content":{"rendered":"\t\t<div data-elementor-type=\"wp-page\" data-elementor-id=\"2264\" class=\"elementor elementor-2264\" data-elementor-post-type=\"page\">\n\t\t\t\t\t\t<section class=\"elementor-section elementor-top-section elementor-element elementor-element-3d84309 elementor-section-full_width elementor-section-height-default elementor-section-height-default\" data-id=\"3d84309\" data-element_type=\"section\">\n\t\t\t\t\t\t<div class=\"elementor-container elementor-column-gap-no\">\n\t\t\t\t\t<div class=\"elementor-column elementor-col-100 elementor-top-column elementor-element elementor-element-3a5d700\" data-id=\"3a5d700\" data-element_type=\"column\">\n\t\t\t<div class=\"elementor-widget-wrap elementor-element-populated\">\n\t\t\t\t\t\t<div class=\"elementor-element elementor-element-be32157 elementor-align-left elementor-widget elementor-widget-pages-banner\" data-id=\"be32157\" data-element_type=\"widget\" data-widget_type=\"pages-banner.default\">\n\t\t\t\t<div class=\"elementor-widget-container\">\n\t\t\t\r\n\t\t\t\t<div class=\"banner-header section-padding valign bg-img bg-fixed\" data-overlay-dark=\"4\" data-background=\"https:\/\/www.thebesthotelsww.com\/wp-content\/uploads\/2024\/07\/hotel-image-banner.jpeg\">\r\n\t\t\t\t\t<div class=\"container\">\r\n\t\t\t\t<div class=\"row\">\r\n\t\t\t\t\t<div class=\"col-md-12 caption mt-90\">\r\n\t\t\t\t\t\t\t\t\t\t\t\t\t\t\t\t\t\t<h1>Mentions l\u00e9gales et CGU<\/h1>\r\n\t\t\t\t\t\t\t\t\t\t\t<\/div>\r\n\t\t\t\t<\/div>\r\n\t\t\t<\/div>\r\n\t\t<\/div>\r\n\r\n\t\t\t<\/div>\n\t\t\t\t<\/div>\n\t\t\t\t\t<\/div>\n\t\t<\/div>\n\t\t\t\t\t<\/div>\n\t\t<\/section>\n\t\t\t\t<section class=\"elementor-section elementor-top-section elementor-element elementor-element-2e76767 elementor-section-full_width elementor-section-height-default elementor-section-height-default\" data-id=\"2e76767\" data-element_type=\"section\">\n\t\t\t\t\t\t<div class=\"elementor-container elementor-column-gap-no\">\n\t\t\t\t\t<div class=\"elementor-column elementor-col-100 elementor-top-column elementor-element elementor-element-5d8229c\" data-id=\"5d8229c\" data-element_type=\"column\">\n\t\t\t<div class=\"elementor-widget-wrap elementor-element-populated\">\n\t\t\t\t\t\t<div class=\"elementor-element elementor-element-5805732 elementor-align-left elementor-widget elementor-widget-pages-faq\" data-id=\"5805732\" data-element_type=\"widget\" data-widget_type=\"pages-faq.default\">\n\t\t\t\t<div class=\"elementor-widget-container\">\n\t\t\t\r\n\t\t\t\t<section class=\"section-padding bg-cream\">\r\n\t\t \r\n\t\t\t<div class=\"container\">\r\n\t\t\t\t<div class=\"row\">\r\n\t\t\t\t\t<div class=\"col-md-12\">\r\n\t\t\t\t\t\t\t\t\t\t\t\t\t\t\t\t\t<\/div>\r\n\t\t\t\t\t<div class=\"col-md-12\">\r\n\t\t\t\t\t\t<ul class=\"accordion-box clearfix\">\r\n\t\t\t\t\t\t\t\t\t\t\t\t\t\t\t<li class=\"accordion block\">\r\n\t\t\t\t\t\t\t\t\t\t\t\t\t\t\t\t\t\t\t<div class=\"acc-btn\">Propri\u00e9t\u00e9 Intellectuelle\n<\/div>\r\n\t\t\t\t\t\t\t\t\t\t\t\t\t\t\t\t\t\t\t\t\t\t\t\t\t\t\t\t<div class=\"acc-content\">\r\n\t\t\t\t\t\t\t\t\t\t\t<div class=\"content\">\r\n\t\t\t\t\t\t\t\t\t\t\t\t<div class=\"text\">L'ensemble des contenus pr\u00e9sents sur le site TheBestHotelsWW, incluant les textes, images, graphismes, logos, vid\u00e9os et ic\u00f4nes, sont la propri\u00e9t\u00e9 exclusive de Thebesthotelsww ou de ses partenaires, sauf mention contraire explicite. Toute reproduction, repr\u00e9sentation, modification, publication, transmission, d\u00e9naturation, totale ou partielle des \u00e9l\u00e9ments du site, est interdite sans l'autorisation \u00e9crite de Thebesthotelsww.<\/div>\r\n\t\t\t\t\t\t\t\t\t\t\t<\/div>\r\n\t\t\t\t\t\t\t\t\t\t<\/div>\r\n\t\t\t\t\t\t\t\t\t\t\t\t\t\t\t\t\t<\/li>\r\n\t\t\t\t\t\t\t\t\t\t\t\t\t\t\t<li class=\"accordion block\">\r\n\t\t\t\t\t\t\t\t\t\t\t\t\t\t\t\t\t\t\t<div class=\"acc-btn\">Donn\u00e9es Personnelles\n<\/div>\r\n\t\t\t\t\t\t\t\t\t\t\t\t\t\t\t\t\t\t\t\t\t\t\t\t\t\t\t\t<div class=\"acc-content\">\r\n\t\t\t\t\t\t\t\t\t\t\t<div class=\"content\">\r\n\t\t\t\t\t\t\t\t\t\t\t\t<div class=\"text\">Le site Thebesthotelsww ne collecte aucune donn\u00e9e personnelle. En cons\u00e9quence, aucun droit d'acc\u00e8s, de rectification, de suppression ou d'opposition aux donn\u00e9es personnelles n'est applicable.<\/div>\r\n\t\t\t\t\t\t\t\t\t\t\t<\/div>\r\n\t\t\t\t\t\t\t\t\t\t<\/div>\r\n\t\t\t\t\t\t\t\t\t\t\t\t\t\t\t\t\t<\/li>\r\n\t\t\t\t\t\t\t\t\t\t\t\t\t\t\t<li class=\"accordion block\">\r\n\t\t\t\t\t\t\t\t\t\t\t\t\t\t\t\t\t\t\t<div class=\"acc-btn\">Responsabilit\u00e9<\/div>\r\n\t\t\t\t\t\t\t\t\t\t\t\t\t\t\t\t\t\t\t\t\t\t\t\t\t\t\t\t<div class=\"acc-content\">\r\n\t\t\t\t\t\t\t\t\t\t\t<div class=\"content\">\r\n\t\t\t\t\t\t\t\t\t\t\t\t<div class=\"text\">Thebesthotelsww ne saurait \u00eatre tenu responsable des \u00e9ventuelles erreurs ou omissions pr\u00e9sentes sur le site, ni des dommages directs ou indirects pouvant r\u00e9sulter de l'acc\u00e8s ou de l'utilisation du site, y compris les inaccessibilit\u00e9s, pertes de donn\u00e9es, d\u00e9t\u00e9riorations, destructions ou virus pouvant affecter l'\u00e9quipement informatique de l'utilisateur.<\/div>\r\n\t\t\t\t\t\t\t\t\t\t\t<\/div>\r\n\t\t\t\t\t\t\t\t\t\t<\/div>\r\n\t\t\t\t\t\t\t\t\t\t\t\t\t\t\t\t\t<\/li>\r\n\t\t\t\t\t\t\t\t\t\t\t\t\t\t\t<li class=\"accordion block\">\r\n\t\t\t\t\t\t\t\t\t\t\t\t\t\t\t\t\t\t\t<div class=\"acc-btn\">Conditions g\u00e9n\u00e9rales d'utilisation<\/div>\r\n\t\t\t\t\t\t\t\t\t\t\t\t\t\t\t\t\t\t\t\t\t\t\t\t\t\t\t\t<div class=\"acc-content\">\r\n\t\t\t\t\t\t\t\t\t\t\t<div class=\"content\">\r\n\t\t\t\t\t\t\t\t\t\t\t\t<div class=\"text\">Les pr\u00e9sentes Conditions G\u00e9n\u00e9rales d'Utilisation (CGU) ont pour objet de d\u00e9finir les modalit\u00e9s et conditions dans lesquelles les utilisateurs peuvent acc\u00e9der et utiliser le site Thebesthotelsww. En acc\u00e9dant au site, vous acceptez sans r\u00e9serve les pr\u00e9sentes CGU.<\/div>\r\n\t\t\t\t\t\t\t\t\t\t\t<\/div>\r\n\t\t\t\t\t\t\t\t\t\t<\/div>\r\n\t\t\t\t\t\t\t\t\t\t\t\t\t\t\t\t\t<\/li>\r\n\t\t\t\t\t\t\t\t\t\t\t\t\t\t\t<li class=\"accordion block\">\r\n\t\t\t\t\t\t\t\t\t\t\t\t\t\t\t\t\t\t\t<div class=\"acc-btn\">Acc\u00e8s au Site<\/div>\r\n\t\t\t\t\t\t\t\t\t\t\t\t\t\t\t\t\t\t\t\t\t\t\t\t\t\t\t\t<div class=\"acc-content\">\r\n\t\t\t\t\t\t\t\t\t\t\t<div class=\"content\">\r\n\t\t\t\t\t\t\t\t\t\t\t\t<div class=\"text\">Le site Thebesthotelsww est accessible gratuitement \u00e0 tout utilisateur disposant d'un acc\u00e8s \u00e0 internet. Tous les co\u00fbts relatifs \u00e0 l'acc\u00e8s au site, que ce soit les frais mat\u00e9riels, logiciels ou d'acc\u00e8s \u00e0 internet, sont exclusivement \u00e0 la charge de l'utilisateur. Thebesthotelsww se r\u00e9serve le droit de suspendre ou de mettre fin \u00e0 l'acc\u00e8s au site sans pr\u00e9avis, notamment en cas de maintenance ou de force majeure.<\/div>\r\n\t\t\t\t\t\t\t\t\t\t\t<\/div>\r\n\t\t\t\t\t\t\t\t\t\t<\/div>\r\n\t\t\t\t\t\t\t\t\t\t\t\t\t\t\t\t\t<\/li>\r\n\t\t\t\t\t\t\t\t\t\t\t\t\t\t\t<li class=\"accordion block\">\r\n\t\t\t\t\t\t\t\t\t\t\t\t\t\t\t\t\t\t\t<div class=\"acc-btn\">Utilisation des Contenus<\/div>\r\n\t\t\t\t\t\t\t\t\t\t\t\t\t\t\t\t\t\t\t\t\t\t\t\t\t\t\t\t<div class=\"acc-content\">\r\n\t\t\t\t\t\t\t\t\t\t\t<div class=\"content\">\r\n\t\t\t\t\t\t\t\t\t\t\t\t<div class=\"text\">L'utilisateur s'engage \u00e0 utiliser les contenus du site dans un cadre strictement personnel et non commercial. Toute utilisation, reproduction ou diffusion des contenus \u00e0 des fins commerciales est strictement interdite sans l'autorisation pr\u00e9alable de Thebesthotelsww. L'utilisateur s'interdit \u00e9galement de diffuser des contenus illicites, diffamatoires ou portant atteinte aux droits de tiers.<\/div>\r\n\t\t\t\t\t\t\t\t\t\t\t<\/div>\r\n\t\t\t\t\t\t\t\t\t\t<\/div>\r\n\t\t\t\t\t\t\t\t\t\t\t\t\t\t\t\t\t<\/li>\r\n\t\t\t\t\t\t\t\t\t\t\t\t\t\t\t<li class=\"accordion block\">\r\n\t\t\t\t\t\t\t\t\t\t\t\t\t\t\t\t\t\t\t<div class=\"acc-btn\">Modifications des CGU<\/div>\r\n\t\t\t\t\t\t\t\t\t\t\t\t\t\t\t\t\t\t\t\t\t\t\t\t\t\t\t\t<div class=\"acc-content\">\r\n\t\t\t\t\t\t\t\t\t\t\t<div class=\"content\">\r\n\t\t\t\t\t\t\t\t\t\t\t\t<div class=\"text\">Thebesthotelsww se r\u00e9serve le droit de modifier \u00e0 tout moment les pr\u00e9sentes CGU. Les modifications entrent en vigueur d\u00e8s leur publication sur le site. En continuant \u00e0 utiliser le site apr\u00e8s la publication des modifications, l'utilisateur accepte les nouvelles CGU. Il est donc recommand\u00e9 de consulter r\u00e9guli\u00e8rement cette page pour se tenir inform\u00e9 des \u00e9ventuelles mises \u00e0 jour.<\/div>\r\n\t\t\t\t\t\t\t\t\t\t\t<\/div>\r\n\t\t\t\t\t\t\t\t\t\t<\/div>\r\n\t\t\t\t\t\t\t\t\t\t\t\t\t\t\t\t\t<\/li>\r\n\t\t\t\t\t\t\t\t\t\t\t\t\t<\/ul>\r\n\t\t\t\t\t<\/div>\r\n\t\t\t\t<\/div>\r\n\t\t\t<\/div>\r\n\t\t<\/section>\r\n\r\n\t\t\r\n\t\t\t<\/div>\n\t\t\t\t<\/div>\n\t\t\t\t\t<\/div>\n\t\t<\/div>\n\t\t\t\t\t<\/div>\n\t\t<\/section>\n\t\t\t\t<\/div>\n\t\t","protected":false},"excerpt":{"rendered":"<p>Mentions l\u00e9gales et CGU Propri\u00e9t\u00e9 Intellectuelle L&rsquo;ensemble des contenus pr\u00e9sents sur le site TheBestHotelsWW, incluant les textes, images, graphismes, logos, vid\u00e9os et ic\u00f4nes, sont la propri\u00e9t\u00e9 exclusive de Thebesthotelsww ou de ses partenaires, sauf mention contraire explicite. Toute reproduction, repr\u00e9sentation, modification, publication, transmission, d\u00e9naturation, totale ou partielle des \u00e9l\u00e9ments du site, est interdite sans l&rsquo;autorisation [&hellip;]<\/p>\n","protected":false},"author":3,"featured_media":0,"parent":0,"menu_order":0,"comment_status":"closed","ping_status":"closed","template":"page-templates\/home.php","meta":{"_acf_changed":false,"footnotes":""},"class_list":["post-2264","page","type-page","status-publish","hentry"],"acf":[],"yoast_head":"<!-- This site is optimized with the Yoast SEO plugin v24.2 - https:\/\/yoast.com\/wordpress\/plugins\/seo\/ -->\n<title>Mentions l\u00e9gales et CGU - Thebesthotelsww<\/title>\n<meta name=\"description\" content=\"D\u00e9couvrez notre s\u00e9lection d&#039;h\u00f4tels de qualit\u00e9, des h\u00f4tels de luxe aux boutiques-h\u00f4tels uniques, offrant confort, service impeccable et localisation id\u00e9ale. Trouvez et r\u00e9servez l\u2019h\u00e9bergement parfait pour vos voyages d\u2019affaires, escapades romantiques ou vacances en famille.\" \/>\n<meta name=\"robots\" content=\"index, follow, max-snippet:-1, max-image-preview:large, max-video-preview:-1\" \/>\n<link rel=\"canonical\" href=\"https:\/\/www.thebesthotelsww.com\/fr\/mentions-legales-et-cgu\/\" \/>\n<meta property=\"og:locale\" content=\"fr_FR\" \/>\n<meta property=\"og:type\" content=\"article\" \/>\n<meta property=\"og:title\" content=\"Mentions l\u00e9gales et CGU - Thebesthotelsww\" \/>\n<meta property=\"og:description\" content=\"D\u00e9couvrez notre s\u00e9lection d&#039;h\u00f4tels de qualit\u00e9, des h\u00f4tels de luxe aux boutiques-h\u00f4tels uniques, offrant confort, service impeccable et localisation id\u00e9ale. Trouvez et r\u00e9servez l\u2019h\u00e9bergement parfait pour vos voyages d\u2019affaires, escapades romantiques ou vacances en famille.\" \/>\n<meta property=\"og:url\" content=\"https:\/\/www.thebesthotelsww.com\/fr\/mentions-legales-et-cgu\/\" \/>\n<meta property=\"og:site_name\" content=\"Thebesthotelsww\" \/>\n<meta property=\"article:publisher\" content=\"https:\/\/www.facebook.com\/people\/Best-Hotels-Worldwide\/61560334858085\/\" \/>\n<meta property=\"article:modified_time\" content=\"2024-07-09T21:07:02+00:00\" \/>\n<meta property=\"og:image\" content=\"https:\/\/www.thebesthotelsww.com\/wp-content\/uploads\/2025\/01\/TBHWW-blanc-et-or.png\" \/>\n\t<meta property=\"og:image:width\" content=\"1379\" \/>\n\t<meta property=\"og:image:height\" content=\"738\" \/>\n\t<meta property=\"og:image:type\" content=\"image\/png\" \/>\n<meta name=\"twitter:card\" content=\"summary_large_image\" \/>\n<meta name=\"twitter:label1\" content=\"Dur\u00e9e de lecture estim\u00e9e\" \/>\n\t<meta name=\"twitter:data1\" content=\"2 minutes\" \/>\n<script type=\"application\/ld+json\" class=\"yoast-schema-graph\">{\"@context\":\"https:\/\/schema.org\",\"@graph\":[{\"@type\":\"WebPage\",\"@id\":\"https:\/\/www.thebesthotelsww.com\/fr\/mentions-legales-et-cgu\/\",\"url\":\"https:\/\/www.thebesthotelsww.com\/fr\/mentions-legales-et-cgu\/\",\"name\":\"Mentions l\u00e9gales et CGU - Thebesthotelsww\",\"isPartOf\":{\"@id\":\"https:\/\/www.thebesthotelsww.com\/fr\/#website\"},\"datePublished\":\"2023-03-22T09:58:49+00:00\",\"dateModified\":\"2024-07-09T21:07:02+00:00\",\"description\":\"D\u00e9couvrez notre s\u00e9lection d'h\u00f4tels de qualit\u00e9, des h\u00f4tels de luxe aux boutiques-h\u00f4tels uniques, offrant confort, service impeccable et localisation id\u00e9ale. Trouvez et r\u00e9servez l\u2019h\u00e9bergement parfait pour vos voyages d\u2019affaires, escapades romantiques ou vacances en famille.\",\"breadcrumb\":{\"@id\":\"https:\/\/www.thebesthotelsww.com\/fr\/mentions-legales-et-cgu\/#breadcrumb\"},\"inLanguage\":\"fr-FR\",\"potentialAction\":[{\"@type\":\"ReadAction\",\"target\":[\"https:\/\/www.thebesthotelsww.com\/fr\/mentions-legales-et-cgu\/\"]}]},{\"@type\":\"BreadcrumbList\",\"@id\":\"https:\/\/www.thebesthotelsww.com\/fr\/mentions-legales-et-cgu\/#breadcrumb\",\"itemListElement\":[{\"@type\":\"ListItem\",\"position\":1,\"name\":\"Home\",\"item\":\"https:\/\/www.thebesthotelsww.com\/en\/\"},{\"@type\":\"ListItem\",\"position\":2,\"name\":\"Mentions l\u00e9gales et CGU\"}]},{\"@type\":\"WebSite\",\"@id\":\"https:\/\/www.thebesthotelsww.com\/fr\/#website\",\"url\":\"https:\/\/www.thebesthotelsww.com\/fr\/\",\"name\":\"Thebesthotelsww\",\"description\":\"The best hotels worldwide\",\"publisher\":{\"@id\":\"https:\/\/www.thebesthotelsww.com\/fr\/#organization\"},\"alternateName\":\"The best hotels worldwide\",\"potentialAction\":[{\"@type\":\"SearchAction\",\"target\":{\"@type\":\"EntryPoint\",\"urlTemplate\":\"https:\/\/www.thebesthotelsww.com\/fr\/?s={search_term_string}\"},\"query-input\":{\"@type\":\"PropertyValueSpecification\",\"valueRequired\":true,\"valueName\":\"search_term_string\"}}],\"inLanguage\":\"fr-FR\"},{\"@type\":\"Organization\",\"@id\":\"https:\/\/www.thebesthotelsww.com\/fr\/#organization\",\"name\":\"Thebesthotelsww\",\"url\":\"https:\/\/www.thebesthotelsww.com\/fr\/\",\"logo\":{\"@type\":\"ImageObject\",\"inLanguage\":\"fr-FR\",\"@id\":\"https:\/\/www.thebesthotelsww.com\/fr\/#\/schema\/logo\/image\/\",\"url\":\"https:\/\/www.thebesthotelsww.com\/wp-content\/uploads\/2025\/01\/TBHWW-blanc-et-or.png\",\"contentUrl\":\"https:\/\/www.thebesthotelsww.com\/wp-content\/uploads\/2025\/01\/TBHWW-blanc-et-or.png\",\"width\":1379,\"height\":738,\"caption\":\"Thebesthotelsww\"},\"image\":{\"@id\":\"https:\/\/www.thebesthotelsww.com\/fr\/#\/schema\/logo\/image\/\"},\"sameAs\":[\"https:\/\/www.facebook.com\/people\/Best-Hotels-Worldwide\/61560334858085\/\",\"https:\/\/www.instagram.com\/the.best.hotels.worldwide\/\",\"https:\/\/www.youtube.com\/@thebesthotelsworldwide-en6pm\"]}]}<\/script>\n<!-- \/ Yoast SEO plugin. -->","yoast_head_json":{"title":"Mentions l\u00e9gales et CGU - Thebesthotelsww","description":"D\u00e9couvrez notre s\u00e9lection d'h\u00f4tels de qualit\u00e9, des h\u00f4tels de luxe aux boutiques-h\u00f4tels uniques, offrant confort, service impeccable et localisation id\u00e9ale. Trouvez et r\u00e9servez l\u2019h\u00e9bergement parfait pour vos voyages d\u2019affaires, escapades romantiques ou vacances en famille.","robots":{"index":"index","follow":"follow","max-snippet":"max-snippet:-1","max-image-preview":"max-image-preview:large","max-video-preview":"max-video-preview:-1"},"canonical":"https:\/\/www.thebesthotelsww.com\/fr\/mentions-legales-et-cgu\/","og_locale":"fr_FR","og_type":"article","og_title":"Mentions l\u00e9gales et CGU - Thebesthotelsww","og_description":"D\u00e9couvrez notre s\u00e9lection d'h\u00f4tels de qualit\u00e9, des h\u00f4tels de luxe aux boutiques-h\u00f4tels uniques, offrant confort, service impeccable et localisation id\u00e9ale. Trouvez et r\u00e9servez l\u2019h\u00e9bergement parfait pour vos voyages d\u2019affaires, escapades romantiques ou vacances en famille.","og_url":"https:\/\/www.thebesthotelsww.com\/fr\/mentions-legales-et-cgu\/","og_site_name":"Thebesthotelsww","article_publisher":"https:\/\/www.facebook.com\/people\/Best-Hotels-Worldwide\/61560334858085\/","article_modified_time":"2024-07-09T21:07:02+00:00","og_image":[{"width":1379,"height":738,"url":"https:\/\/www.thebesthotelsww.com\/wp-content\/uploads\/2025\/01\/TBHWW-blanc-et-or.png","type":"image\/png"}],"twitter_card":"summary_large_image","twitter_misc":{"Dur\u00e9e de lecture estim\u00e9e":"2 minutes"},"schema":{"@context":"https:\/\/schema.org","@graph":[{"@type":"WebPage","@id":"https:\/\/www.thebesthotelsww.com\/fr\/mentions-legales-et-cgu\/","url":"https:\/\/www.thebesthotelsww.com\/fr\/mentions-legales-et-cgu\/","name":"Mentions l\u00e9gales et CGU - Thebesthotelsww","isPartOf":{"@id":"https:\/\/www.thebesthotelsww.com\/fr\/#website"},"datePublished":"2023-03-22T09:58:49+00:00","dateModified":"2024-07-09T21:07:02+00:00","description":"D\u00e9couvrez notre s\u00e9lection d'h\u00f4tels de qualit\u00e9, des h\u00f4tels de luxe aux boutiques-h\u00f4tels uniques, offrant confort, service impeccable et localisation id\u00e9ale. Trouvez et r\u00e9servez l\u2019h\u00e9bergement parfait pour vos voyages d\u2019affaires, escapades romantiques ou vacances en famille.","breadcrumb":{"@id":"https:\/\/www.thebesthotelsww.com\/fr\/mentions-legales-et-cgu\/#breadcrumb"},"inLanguage":"fr-FR","potentialAction":[{"@type":"ReadAction","target":["https:\/\/www.thebesthotelsww.com\/fr\/mentions-legales-et-cgu\/"]}]},{"@type":"BreadcrumbList","@id":"https:\/\/www.thebesthotelsww.com\/fr\/mentions-legales-et-cgu\/#breadcrumb","itemListElement":[{"@type":"ListItem","position":1,"name":"Home","item":"https:\/\/www.thebesthotelsww.com\/en\/"},{"@type":"ListItem","position":2,"name":"Mentions l\u00e9gales et CGU"}]},{"@type":"WebSite","@id":"https:\/\/www.thebesthotelsww.com\/fr\/#website","url":"https:\/\/www.thebesthotelsww.com\/fr\/","name":"Thebesthotelsww","description":"The best hotels worldwide","publisher":{"@id":"https:\/\/www.thebesthotelsww.com\/fr\/#organization"},"alternateName":"The best hotels worldwide","potentialAction":[{"@type":"SearchAction","target":{"@type":"EntryPoint","urlTemplate":"https:\/\/www.thebesthotelsww.com\/fr\/?s={search_term_string}"},"query-input":{"@type":"PropertyValueSpecification","valueRequired":true,"valueName":"search_term_string"}}],"inLanguage":"fr-FR"},{"@type":"Organization","@id":"https:\/\/www.thebesthotelsww.com\/fr\/#organization","name":"Thebesthotelsww","url":"https:\/\/www.thebesthotelsww.com\/fr\/","logo":{"@type":"ImageObject","inLanguage":"fr-FR","@id":"https:\/\/www.thebesthotelsww.com\/fr\/#\/schema\/logo\/image\/","url":"https:\/\/www.thebesthotelsww.com\/wp-content\/uploads\/2025\/01\/TBHWW-blanc-et-or.png","contentUrl":"https:\/\/www.thebesthotelsww.com\/wp-content\/uploads\/2025\/01\/TBHWW-blanc-et-or.png","width":1379,"height":738,"caption":"Thebesthotelsww"},"image":{"@id":"https:\/\/www.thebesthotelsww.com\/fr\/#\/schema\/logo\/image\/"},"sameAs":["https:\/\/www.facebook.com\/people\/Best-Hotels-Worldwide\/61560334858085\/","https:\/\/www.instagram.com\/the.best.hotels.worldwide\/","https:\/\/www.youtube.com\/@thebesthotelsworldwide-en6pm"]}]}},"_links":{"self":[{"href":"https:\/\/www.thebesthotelsww.com\/fr\/wp-json\/wp\/v2\/pages\/2264","targetHints":{"allow":["GET"]}}],"collection":[{"href":"https:\/\/www.thebesthotelsww.com\/fr\/wp-json\/wp\/v2\/pages"}],"about":[{"href":"https:\/\/www.thebesthotelsww.com\/fr\/wp-json\/wp\/v2\/types\/page"}],"author":[{"embeddable":true,"href":"https:\/\/www.thebesthotelsww.com\/fr\/wp-json\/wp\/v2\/users\/3"}],"replies":[{"embeddable":true,"href":"https:\/\/www.thebesthotelsww.com\/fr\/wp-json\/wp\/v2\/comments?post=2264"}],"version-history":[{"count":14,"href":"https:\/\/www.thebesthotelsww.com\/fr\/wp-json\/wp\/v2\/pages\/2264\/revisions"}],"predecessor-version":[{"id":5110,"href":"https:\/\/www.thebesthotelsww.com\/fr\/wp-json\/wp\/v2\/pages\/2264\/revisions\/5110"}],"wp:attachment":[{"href":"https:\/\/www.thebesthotelsww.com\/fr\/wp-json\/wp\/v2\/media?parent=2264"}],"curies":[{"name":"wp","href":"https:\/\/api.w.org\/{rel}","templated":true}]}}